{"id":667,"date":"2020-11-06T15:44:15","date_gmt":"2019-02-10T13:30:27","guid":{"rendered":"https:\/\/www.goldschmiede-am-wasserturm.de\/service-2\/"},"modified":"2021-10-26T14:16:10","modified_gmt":"2021-10-26T12:16:10","slug":"video","status":"publish","type":"page","link":"https:\/\/www.goldschmiede-am-wasserturm.de\/en\/video\/","title":{"rendered":"Video"},"content":{"rendered":"","protected":false},"excerpt":{"rendered":"","protected":false},"author":1,"featured_media":0,"parent":0,"menu_order":0,"comment_status":"closed","ping_status":"closed","template":"","meta":[],"yoast_head":"<!-- This site is optimized with the Yoast SEO plugin v17.4 - https:\/\/yoast.com\/wordpress\/plugins\/seo\/ -->\n<meta name=\"description\" content=\"Beraten, Planen und Verwirklichen. Wir kreieren f\u00fcr Sie, individuell nach Ihren W\u00fcnschen und Bed\u00fcrfnissen. Gestalten Sie Neues mit uns oder lassen Sie Ihrem getragenen, bedeutsamen Schmuckst\u00fcck frischen Glanz verleihen. Bei uns haben Sie die M\u00f6glichkeit, uns Ihr Anliegen in einem f\u00fcr Sie reservierten Termin n\u00e4her zu bringen. Wir freuen uns auf Sie.\" \/>\n<meta name=\"robots\" content=\"index, follow, max-snippet:-1, max-image-preview:large, max-video-preview:-1\" \/>\n<link rel=\"canonical\" href=\"https:\/\/www.goldschmiede-am-wasserturm.de\/video\/\" \/>\n<meta property=\"og:locale\" content=\"en_US\" \/>\n<meta property=\"og:type\" content=\"article\" \/>\n<meta property=\"og:title\" content=\"[:de]Video - Beraten, Planen und Verwirklichen. Gestalten Sie Neues mit uns[:]\" \/>\n<meta property=\"og:description\" content=\"{:de}Beraten, Planen und Verwirklichen. Wir kreieren f\u00fcr Sie, individuell nach Ihren W\u00fcnschen und Bed\u00fcrfnissen. Gestalten Sie Neues mit uns oder lassen Sie Ihrem getragenen, bedeutsamen Schmuckst\u00fcck frischen Glanz verleihen. Bei uns haben Sie die M\u00f6glichkeit, uns Ihr Anliegen in einem f\u00fcr Sie reservierten Termin n\u00e4her zu bringen. Wir freuen uns auf Sie.{:}\" \/>\n<meta property=\"og:url\" content=\"https:\/\/www.goldschmiede-am-wasserturm.de\/video\/\" \/>\n<meta property=\"og:site_name\" content=\"Goldschmiede am Wasserturm\" \/>\n<meta property=\"article:modified_time\" content=\"2021-10-26T12:16:10+00:00\" \/>\n<meta name=\"twitter:card\" content=\"summary_large_image\" \/>\n<script type=\"application\/ld+json\" class=\"yoast-schema-graph\">{\"@context\":\"https:\/\/schema.org\",\"@graph\":[{\"@type\":\"WebSite\",\"@id\":\"https:\/\/www.goldschmiede-am-wasserturm.de\/#website\",\"url\":\"https:\/\/www.goldschmiede-am-wasserturm.de\/\",\"name\":\"Goldschmiede am Wasserturm\",\"description\":\"Goldschmiedemeisterin\",\"potentialAction\":[{\"@type\":\"SearchAction\",\"target\":{\"@type\":\"EntryPoint\",\"urlTemplate\":\"https:\/\/www.goldschmiede-am-wasserturm.de\/?s={search_term_string}\"},\"query-input\":\"required name=search_term_string\"}],\"inLanguage\":\"en-US\"},{\"@type\":\"WebPage\",\"@id\":\"https:\/\/www.goldschmiede-am-wasserturm.de\/video\/#webpage\",\"url\":\"https:\/\/www.goldschmiede-am-wasserturm.de\/video\/\",\"name\":\"[:de]Video - Beraten, Planen und Verwirklichen. Gestalten Sie Neues mit uns[:]\",\"isPartOf\":{\"@id\":\"https:\/\/www.goldschmiede-am-wasserturm.de\/#website\"},\"datePublished\":\"2019-02-10T13:30:27+00:00\",\"dateModified\":\"2021-10-26T12:16:10+00:00\",\"description\":\"{:de}Beraten, Planen und Verwirklichen. Wir kreieren f\\u00fcr Sie, individuell nach Ihren W\\u00fcnschen und Bed\\u00fcrfnissen. Gestalten Sie Neues mit uns oder lassen Sie Ihrem getragenen, bedeutsamen Schmuckst\\u00fcck frischen Glanz verleihen. Bei uns haben Sie die M\\u00f6glichkeit, uns Ihr Anliegen in einem f\\u00fcr Sie reservierten Termin n\\u00e4her zu bringen. Wir freuen uns auf Sie.{:}\",\"breadcrumb\":{\"@id\":\"https:\/\/www.goldschmiede-am-wasserturm.de\/video\/#breadcrumb\"},\"inLanguage\":\"en-US\",\"potentialAction\":[{\"@type\":\"ReadAction\",\"target\":[\"https:\/\/www.goldschmiede-am-wasserturm.de\/video\/\"]}]},{\"@type\":\"BreadcrumbList\",\"@id\":\"https:\/\/www.goldschmiede-am-wasserturm.de\/video\/#breadcrumb\",\"itemListElement\":[{\"@type\":\"ListItem\",\"position\":1,\"name\":\"Startseite\",\"item\":\"https:\/\/www.goldschmiede-am-wasserturm.de\/\"},{\"@type\":\"ListItem\",\"position\":2,\"name\":\"Video\"}]}]}<\/script>\n<!-- \/ Yoast SEO plugin. -->","yoast_head_json":{"description":"Beraten, Planen und Verwirklichen. Wir kreieren f\u00fcr Sie, individuell nach Ihren W\u00fcnschen und Bed\u00fcrfnissen. Gestalten Sie Neues mit uns oder lassen Sie Ihrem getragenen, bedeutsamen Schmuckst\u00fcck frischen Glanz verleihen. Bei uns haben Sie die M\u00f6glichkeit, uns Ihr Anliegen in einem f\u00fcr Sie reservierten Termin n\u00e4her zu bringen. Wir freuen uns auf Sie.","robots":{"index":"index","follow":"follow","max-snippet":"max-snippet:-1","max-image-preview":"max-image-preview:large","max-video-preview":"max-video-preview:-1"},"canonical":"https:\/\/www.goldschmiede-am-wasserturm.de\/video\/","og_locale":"en_US","og_type":"article","og_title":"[:de]Video - Beraten, Planen und Verwirklichen. Gestalten Sie Neues mit uns[:]","og_description":"{:de}Beraten, Planen und Verwirklichen. Wir kreieren f\u00fcr Sie, individuell nach Ihren W\u00fcnschen und Bed\u00fcrfnissen. Gestalten Sie Neues mit uns oder lassen Sie Ihrem getragenen, bedeutsamen Schmuckst\u00fcck frischen Glanz verleihen. Bei uns haben Sie die M\u00f6glichkeit, uns Ihr Anliegen in einem f\u00fcr Sie reservierten Termin n\u00e4her zu bringen. Wir freuen uns auf Sie.{:}","og_url":"https:\/\/www.goldschmiede-am-wasserturm.de\/video\/","og_site_name":"Goldschmiede am Wasserturm","article_modified_time":"2021-10-26T12:16:10+00:00","twitter_card":"summary_large_image","schema":{"@context":"https:\/\/schema.org","@graph":[{"@type":"WebSite","@id":"https:\/\/www.goldschmiede-am-wasserturm.de\/#website","url":"https:\/\/www.goldschmiede-am-wasserturm.de\/","name":"Goldschmiede am Wasserturm","description":"Goldschmiedemeisterin","potentialAction":[{"@type":"SearchAction","target":{"@type":"EntryPoint","urlTemplate":"https:\/\/www.goldschmiede-am-wasserturm.de\/?s={search_term_string}"},"query-input":"required name=search_term_string"}],"inLanguage":"en-US"},{"@type":"WebPage","@id":"https:\/\/www.goldschmiede-am-wasserturm.de\/video\/#webpage","url":"https:\/\/www.goldschmiede-am-wasserturm.de\/video\/","name":"[:de]Video - Beraten, Planen und Verwirklichen. Gestalten Sie Neues mit uns[:]","isPartOf":{"@id":"https:\/\/www.goldschmiede-am-wasserturm.de\/#website"},"datePublished":"2019-02-10T13:30:27+00:00","dateModified":"2021-10-26T12:16:10+00:00","description":"{:de}Beraten, Planen und Verwirklichen. Wir kreieren f\u00fcr Sie, individuell nach Ihren W\u00fcnschen und Bed\u00fcrfnissen. Gestalten Sie Neues mit uns oder lassen Sie Ihrem getragenen, bedeutsamen Schmuckst\u00fcck frischen Glanz verleihen. Bei uns haben Sie die M\u00f6glichkeit, uns Ihr Anliegen in einem f\u00fcr Sie reservierten Termin n\u00e4her zu bringen. Wir freuen uns auf Sie.{:}","breadcrumb":{"@id":"https:\/\/www.goldschmiede-am-wasserturm.de\/video\/#breadcrumb"},"inLanguage":"en-US","potentialAction":[{"@type":"ReadAction","target":["https:\/\/www.goldschmiede-am-wasserturm.de\/video\/"]}]},{"@type":"BreadcrumbList","@id":"https:\/\/www.goldschmiede-am-wasserturm.de\/video\/#breadcrumb","itemListElement":[{"@type":"ListItem","position":1,"name":"Startseite","item":"https:\/\/www.goldschmiede-am-wasserturm.de\/"},{"@type":"ListItem","position":2,"name":"Video"}]}]}},"grid":"{\r\n  \"colCount\": 24,\r\n  \"colGutter\": 1,\r\n  \"rowGutters\": [\r\n    5,\r\n    5\r\n  ],\r\n  \"frameMargin\": 0,\r\n  \"topFrameMargin\": 60,\r\n  \"bottomFrameMargin\": 0,\r\n  \"rowAttrs\": [\r\n    {},\r\n    {},\r\n    {}\r\n  ],\r\n  \"bgColor\": \"#ededed\",\r\n  \"cont\": [\r\n    {\r\n      \"type\": \"html5video\",\r\n      \"cont\": \"\/wp-content\/uploads\/2020\/11\/splash.jpg\",\r\n      \"align\": \"top\",\r\n      \"row\": 0,\r\n      \"col\": 0,\r\n      \"colspan\": 24,\r\n      \"offsetx\": 0,\r\n      \"offsety\": 0,\r\n      \"spaceabove\": 0,\r\n      \"spacebelow\": 0,\r\n      \"yvel\": 1,\r\n      \"push\": 0,\r\n      \"relid\": 752,\r\n      \"autoplay\": false,\r\n      \"loop\": false,\r\n      \"mute\": false,\r\n      \"muteDisabled\": \"\",\r\n      \"controls\": true,\r\n      \"playpauseonclick\": false,\r\n      \"playicon\": true,\r\n      \"ar\": 0.5625,\r\n      \"unmutebutton\": false,\r\n      \"unmuteButtonStyle\": 1,\r\n      \"unmutebuttonDisabled\": \"disabled\",\r\n      \"h\": 1080,\r\n      \"w\": 1920,\r\n      \"mp4\": \"\/wp-content\/uploads\/2021\/10\/video-goldschmiede.mp4\",\r\n      \"filename\": \"video-goldschmiede.mp4\",\r\n      \"sizes\": {\r\n        \"full\": \"\/wp-content\/uploads\/2020\/11\/splash.jpg\",\r\n        \"_1280\": \"\/wp-content\/uploads\/2020\/11\/splash-1280x719.jpg\",\r\n        \"_1024\": \"\/wp-content\/uploads\/2020\/11\/splash-1024x575.jpg\",\r\n        \"_768\": \"\/wp-content\/uploads\/2020\/11\/splash-768x432.jpg\",\r\n        \"_512\": \"\/wp-content\/uploads\/2020\/11\/splash-512x288.jpg\",\r\n        \"_265\": \"\/wp-content\/uploads\/2020\/11\/splash-265x149.jpg\"\r\n      },\r\n      \"imgar\": 0.5619791666666667,\r\n      \"mp4attid\": 691,\r\n      \"imgh\": 1079,\r\n      \"imgw\": 1920,\r\n      \"imgattid\": 668,\r\n      \"frameOverflow\": \"\",\r\n      \"controlsDisabled\": \"\"\r\n    },\r\n    {\r\n      \"type\": \"text\",\r\n      \"cont\": \"<p class=\\\"_Text \\\" style=\\\"text-align: center;\\\">Video by <a href=\\\"https:\/\/www.jaquidanslanuit.de\/\\\" target=\\\"_blank\\\" rel=\\\"noopener\\\">j a q u i d a n s l a n u i t<\/a><\/p>\",\r\n      \"align\": \"top\",\r\n      \"row\": 1,\r\n      \"col\": 0,\r\n      \"colspan\": 24,\r\n      \"offsetx\": 0,\r\n      \"offsety\": 0,\r\n      \"spaceabove\": 0,\r\n      \"spacebelow\": 0,\r\n      \"yvel\": 1,\r\n      \"push\": 0,\r\n      \"relid\": 48,\r\n      \"frameOverflow\": \"\"\r\n    },\r\n    {\r\n      \"type\": \"hr\",\r\n      \"cont\": \"\",\r\n      \"align\": \"top\",\r\n      \"row\": 2,\r\n      \"col\": 0,\r\n      \"colspan\": 24,\r\n      \"offsetx\": 0,\r\n      \"offsety\": 0,\r\n      \"spaceabove\": 0,\r\n      \"spacebelow\": 0,\r\n      \"yvel\": 1,\r\n      \"push\": 0,\r\n      \"relid\": 47\r\n    }\r\n  ]\r\n}","phonegrid":"{\r\n  \"colCount\": 1,\r\n  \"colGutter\": 1,\r\n  \"rowGutters\": [\r\n    5\r\n  ],\r\n  \"frameMargin\": 5,\r\n  \"topFrameMargin\": 5,\r\n  \"bottomFrameMargin\": 5,\r\n  \"rowAttrs\": [\r\n    {},\r\n    {}\r\n  ],\r\n  \"bgColor\": null,\r\n  \"cont\": [\r\n    {\r\n      \"type\": \"html5video\",\r\n      \"cont\": \"\/wp-content\/uploads\/2020\/11\/splash.jpg\",\r\n      \"align\": \"middle\",\r\n      \"row\": 0,\r\n      \"col\": 0,\r\n      \"colspan\": 1,\r\n      \"offsetx\": 0,\r\n      \"offsety\": 0,\r\n      \"spaceabove\": 0,\r\n      \"spacebelow\": 0,\r\n      \"yvel\": 1,\r\n      \"push\": 0,\r\n      \"relid\": 481,\r\n      \"autoplay\": false,\r\n      \"loop\": false,\r\n      \"mute\": false,\r\n      \"muteDisabled\": \"\",\r\n      \"controls\": false,\r\n      \"playpauseonclick\": false,\r\n      \"playicon\": true,\r\n      \"ar\": 0.5625,\r\n      \"unmutebutton\": false,\r\n      \"unmuteButtonStyle\": 1,\r\n      \"unmutebuttonDisabled\": \"\",\r\n      \"h\": 1080,\r\n      \"w\": 1920,\r\n      \"mp4\": \"\/wp-content\/uploads\/2021\/10\/video-goldschmiede.mp4\",\r\n      \"filename\": \"video-goldschmiede.mp4\",\r\n      \"sizes\": {\r\n        \"full\": \"\/wp-content\/uploads\/2020\/11\/splash.jpg\",\r\n        \"_1280\": \"\/wp-content\/uploads\/2020\/11\/splash-1280x719.jpg\",\r\n        \"_1024\": \"\/wp-content\/uploads\/2020\/11\/splash-1024x575.jpg\",\r\n        \"_768\": \"\/wp-content\/uploads\/2020\/11\/splash-768x432.jpg\",\r\n        \"_512\": \"\/wp-content\/uploads\/2020\/11\/splash-512x288.jpg\",\r\n        \"_265\": \"\/wp-content\/uploads\/2020\/11\/splash-265x149.jpg\"\r\n      },\r\n      \"imgar\": 0.5619791666666667,\r\n      \"mp4attid\": 691,\r\n      \"imgh\": 1079,\r\n      \"imgw\": 1920,\r\n      \"imgattid\": 668\r\n    },\r\n    {\r\n      \"type\": \"text\",\r\n      \"cont\": \"<p class=\\\"_Text \\\" style=\\\"text-align: center;\\\">Video by <a href=\\\"https:\/\/www.jaquidanslanuit.de\/\\\" target=\\\"_blank\\\" rel=\\\"noopener\\\">j a q u i d a n s l a n u i t<\/a><\/p>\",\r\n      \"align\": \"middle\",\r\n      \"row\": 1,\r\n      \"col\": 0,\r\n      \"colspan\": 1,\r\n      \"offsetx\": 0,\r\n      \"offsety\": 0,\r\n      \"spaceabove\": 0,\r\n      \"spacebelow\": 0,\r\n      \"yvel\": 1,\r\n      \"push\": 0,\r\n      \"relid\": 51\r\n    }\r\n  ]\r\n}","_links":{"self":[{"href":"https:\/\/www.goldschmiede-am-wasserturm.de\/en\/wp-json\/wp\/v2\/pages\/667"}],"collection":[{"href":"https:\/\/www.goldschmiede-am-wasserturm.de\/en\/wp-json\/wp\/v2\/pages"}],"about":[{"href":"https:\/\/www.goldschmiede-am-wasserturm.de\/en\/wp-json\/wp\/v2\/types\/page"}],"author":[{"embeddable":true,"href":"https:\/\/www.goldschmiede-am-wasserturm.de\/en\/wp-json\/wp\/v2\/users\/1"}],"replies":[{"embeddable":true,"href":"https:\/\/www.goldschmiede-am-wasserturm.de\/en\/wp-json\/wp\/v2\/comments?post=667"}],"version-history":[{"count":0,"href":"https:\/\/www.goldschmiede-am-wasserturm.de\/en\/wp-json\/wp\/v2\/pages\/667\/revisions"}],"wp:attachment":[{"href":"https:\/\/www.goldschmiede-am-wasserturm.de\/en\/wp-json\/wp\/v2\/media?parent=667"}],"curies":[{"name":"wp","href":"https:\/\/api.w.org\/{rel}","templated":true}]}}